{"id":144,"date":"2025-11-30T05:14:48","date_gmt":"2025-11-30T11:14:48","guid":{"rendered":"https:\/\/focussv.com\/?page_id=144"},"modified":"2025-11-30T05:17:39","modified_gmt":"2025-11-30T11:17:39","slug":"quienes-somos","status":"publish","type":"page","link":"https:\/\/focussv.com\/index.php\/quienes-somos\/","title":{"rendered":"\u00bfQui\u00e9nes somos?"},"content":{"rendered":"\n<p><\/p>\n\n\n\n<div class=\"wp-block-uagb-container uagb-block-bea5283e alignfull uagb-is-root-container\"><div class=\"uagb-container-inner-blocks-wrap\">\n<div class=\"wp-block-uagb-advanced-heading uagb-block-fc6aaff1\"><\/div>\n<\/div><\/div>\n\n\n\n<div class=\"wp-block-uagb-container uagb-block-4ad07b0b alignfull uagb-is-root-container\"><div class=\"uagb-container-inner-blocks-wrap\">\n<div class=\"wp-block-uagb-container uagb-block-dde14a08\">\n<div class=\"wp-block-uagb-advanced-heading uagb-block-819b66ad\"><h2 class=\"uagb-heading-text\">Creamos con el alma<\/h2><\/div>\n<\/div>\n\n\n\n<div class=\"wp-block-uagb-container uagb-block-9276b384\">\n<div class=\"wp-block-uagb-info-box uagb-block-d2c339f6 uagb-infobox__content-wrap  uagb-infobox-icon-above-title uagb-infobox-image-valign-top\"><div class=\"uagb-ifb-content\"><div class=\"uagb-ifb-title-wrap\"><h5 class=\"uagb-ifb-title\">Somos una tienda <\/h5><\/div><p class=\"uagb-ifb-desc\">Que celebra la belleza de lo hecho a mano, el valor de la tradici\u00f3n y la frescura de lo cotidiano. Cada bolso que ofrecemos nace del encuentro entre la manta cruda \u2014noble, sencilla y resistente\u2014 y el color que inspira caminos propios: asas rojas, flores bordadas, texturas que cuentan historias.<br>Creemos en el dise\u00f1o con prop\u00f3sito, en los detalles que hablan de identidad, y en el trabajo artesanal como puente entre comunidades. Nuestros productos son elaborados con cari\u00f1o, precisi\u00f3n y compromiso, pensados para mujeres que caminan con estilo, fuerza y autenticidad.<br>Aqu\u00ed no solo vendemos bolsos: tejemos v\u00ednculos, compartimos inspiraci\u00f3n y acompa\u00f1amos tu d\u00eda a d\u00eda con piezas que reflejan qui\u00e9n eres.<\/p><\/div><\/div>\n<\/div>\n\n\n\n<div class=\"wp-block-uagb-separator uagb-block-5f83295c\"><div class=\"wp-block-uagb-separator__inner\" style=\"--my-background-image:\"><\/div><\/div>\n\n\n\n<div class=\"wp-block-uagb-info-box uagb-block-ec65eac1 uagb-infobox__content-wrap  uagb-infobox-icon-above-title uagb-infobox-image-valign-top\"><div class=\"uagb-ifb-content\"><div class=\"uagb-ifb-title-wrap\"><h2 class=\"uagb-ifb-title\">Garant\u00eda de calidad<\/h2><\/div><p class=\"uagb-ifb-desc\">En nuestra tienda cada bolso es elaborado con dedicaci\u00f3n, cuidando cada detalle desde la selecci\u00f3n de la manta cruda hasta la confecci\u00f3n de las asas y acabados.<br><strong>Materiales aut\u00e9nticos:<\/strong> Utilizamos telas resistentes y de origen confiable, que garantizan durabilidad y frescura.<br><strong>Trabajo artesanal:<\/strong> Cada pieza es hecha a mano, lo que asegura un acabado \u00fanico y lleno de identidad.<br><strong>Revisi\u00f3n minuciosa:<\/strong> Todos los productos pasan por un control de calidad que valida costuras, resistencia y presentaci\u00f3n.<br><strong>Compromiso con el cliente:<\/strong> Si tu bolso presenta alg\u00fan defecto de fabricaci\u00f3n, ofrecemos reemplazo o reparaci\u00f3n sin costo adicional.<br>Nuestra garant\u00eda es simple: recibir\u00e1s un producto que refleja tradici\u00f3n, creatividad y confianza.<\/p><\/div><\/div>\n<\/div><\/div>\n\n\n\n<div class=\"wp-block-uagb-container uagb-block-03daffa8 alignfull uagb-is-root-container\"><div class=\"uagb-container-inner-blocks-wrap\">\n<div class=\"wp-block-uagb-info-box uagb-block-3625f0bd uagb-infobox__content-wrap  uagb-infobox-icon-above-title uagb-infobox-image-valign-top\"><div class=\"uagb-ifb-content\"><div class=\"uagb-ifb-title-wrap\"><h2 class=\"uagb-ifb-title\">Nuestros clientes<\/h2><\/div><p class=\"uagb-ifb-desc\">Nuestros clientes son mujeres y hombres que valoran lo aut\u00e9ntico, lo hecho a mano y lo que transmite historia. Personas que buscan m\u00e1s que un accesorio: desean llevar consigo piezas que reflejen identidad, frescura y confianza.<br><br><strong>Valoran la tradici\u00f3n:<\/strong> Encuentran en la manta cruda y los detalles artesanales un v\u00ednculo con la cultura y la ra\u00edz.<br><br><strong>Eligen con prop\u00f3sito:<\/strong> Prefieren productos que combinan funcionalidad con un dise\u00f1o consciente y sostenible.<br><br><strong>Buscan exclusividad:<\/strong> Cada bolso es \u00fanico, pensado para acompa\u00f1ar estilos de vida diversos, desde lo cotidiano hasta lo especial.<br><br><strong>Comparten inspiraci\u00f3n:<\/strong> Nuestros clientes se convierten en embajadores de creatividad y comunidad, llevando consigo un mensaje de autenticidad.<br><br>En cada compra, ellos no solo adquieren un bolso: se suman a una historia compartida de confianza, tradici\u00f3n y frescura.<\/p><\/div><\/div>\n<\/div><\/div>\n\n\n\n<div class=\"wp-block-uagb-container uagb-block-29842745 alignfull uagb-is-root-container\"><div class=\"uagb-container-inner-blocks-wrap\">\n<div class=\"wp-block-uagb-info-box uagb-block-2554c78b uagb-infobox__content-wrap  uagb-infobox-icon-above-title uagb-infobox-image-valign-top\"><div class=\"uagb-ifb-content\"><div class=\"uagb-ifb-title-wrap\"><h6 class=\"uagb-ifb-title-prefix\">Cont\u00e1ctanos<\/h6><h2 class=\"uagb-ifb-title\">Ser\u00e1 un placer atenderte<\/h2><\/div><\/div><\/div>\n<\/div><\/div>\n\n\n\n<div class=\"wp-block-uagb-testimonial uagb-slick-carousel uagb-tm__arrow-outside uagb-block-0c8e5c3a\"><div class=\"is-carousel uagb-tm__columns-1 uagb-tm__items\"><div class=\"uagb-testimonial__wrap  uagb-tm__imgicon-style-circle uagb-tm__image-position-bottom uagb-tm__bg-type-none \"><div class=\"uagb-tm__content\"><div class=\"uagb-tm__overlay\"><\/div><div class=\"uagb-tm__text-wrap\"><div class=\"uagb-tm__desc\">Mi bolso es perfecto, \u00a1muchas gracias!<\/div><div class=\"uagb-tm__meta-inner\"><div class=\"uagb-testimonial-details\"><span class=\"uagb-tm__author-name\">Carolina Navarro<\/span><span class=\"uagb-tm__company\">Cliente<\/span><\/div><\/div><\/div><\/div><\/div><div class=\"uagb-testimonial__wrap  uagb-tm__imgicon-style-circle uagb-tm__image-position-bottom uagb-tm__bg-type-none \"><div class=\"uagb-tm__content\"><div class=\"uagb-tm__overlay\"><\/div><div class=\"uagb-tm__text-wrap\"><div class=\"uagb-tm__desc\">I have been working with these guys for years now! With lots of hard work and timely communication, they made sure they delivered the best to me. Highly recommended!<\/div><div class=\"uagb-tm__meta-inner\"><div class=\"uagb-testimonial-details\"><span class=\"uagb-tm__author-name\">John Doe <\/span><span class=\"uagb-tm__company\">Company Name<\/span><\/div><\/div><\/div><\/div><\/div><div class=\"uagb-testimonial__wrap  uagb-tm__imgicon-style-circle uagb-tm__image-position-bottom uagb-tm__bg-type-none \"><div class=\"uagb-tm__content\"><div class=\"uagb-tm__overlay\"><\/div><div class=\"uagb-tm__text-wrap\"><div class=\"uagb-tm__desc\">I have been working with these guys for years now! With lots of hard work and timely communication, they made sure they delivered the best to me. Highly recommended!<\/div><div class=\"uagb-tm__meta-inner\"><div class=\"uagb-testimonial-details\"><span class=\"uagb-tm__author-name\">John Doe <\/span><span class=\"uagb-tm__company\">Company Name<\/span><\/div><\/div><\/div><\/div><\/div><\/div><\/div>\n","protected":false},"excerpt":{"rendered":"<p>Creamos con el alma<\/p>\n","protected":false},"author":2,"featured_media":0,"parent":0,"menu_order":0,"comment_status":"closed","ping_status":"closed","template":"","meta":{"_uag_custom_page_level_css":"","footnotes":""},"class_list":["post-144","page","type-page","status-publish","hentry"],"blocksy_meta":[],"uagb_featured_image_src":{"full":false,"thumbnail":false,"medium":false,"medium_large":false,"large":false,"1536x1536":false,"2048x2048":false,"woocommerce_archive_thumbnail":false,"mailpoet_newsletter_max":false,"woocommerce_thumbnail":false,"woocommerce_single":false,"woocommerce_gallery_thumbnail":false},"uagb_author_info":{"display_name":"Jorge Antonio Dom\u00ednguez Portillo","author_link":"https:\/\/focussv.com\/index.php\/author\/admin1\/"},"uagb_comment_info":0,"uagb_excerpt":"Creamos con el alma","jetpack_sharing_enabled":true,"_links":{"self":[{"href":"https:\/\/focussv.com\/index.php\/wp-json\/wp\/v2\/pages\/144","targetHints":{"allow":["GET"]}}],"collection":[{"href":"https:\/\/focussv.com\/index.php\/wp-json\/wp\/v2\/pages"}],"about":[{"href":"https:\/\/focussv.com\/index.php\/wp-json\/wp\/v2\/types\/page"}],"author":[{"embeddable":true,"href":"https:\/\/focussv.com\/index.php\/wp-json\/wp\/v2\/users\/2"}],"replies":[{"embeddable":true,"href":"https:\/\/focussv.com\/index.php\/wp-json\/wp\/v2\/comments?post=144"}],"version-history":[{"count":4,"href":"https:\/\/focussv.com\/index.php\/wp-json\/wp\/v2\/pages\/144\/revisions"}],"predecessor-version":[{"id":154,"href":"https:\/\/focussv.com\/index.php\/wp-json\/wp\/v2\/pages\/144\/revisions\/154"}],"wp:attachment":[{"href":"https:\/\/focussv.com\/index.php\/wp-json\/wp\/v2\/media?parent=144"}],"curies":[{"name":"wp","href":"https:\/\/api.w.org\/{rel}","templated":true}]}}